{"id":2864,"date":"2016-02-22T21:44:54","date_gmt":"2016-02-22T21:44:54","guid":{"rendered":"http:\/\/5lo.lublin.pl\/?page_id=2864"},"modified":"2016-02-24T16:55:26","modified_gmt":"2016-02-24T16:55:26","slug":"cookies","status":"publish","type":"page","link":"https:\/\/5lo.lublin.pl\/?page_id=2864","title":{"rendered":"Polityka prywatno\u015bci i pliki Cookies"},"content":{"rendered":"<div class=\"wpb-content-wrapper\"><p>[vc_row full_width=&#8221;stretch_row&#8221; css=&#8221;.vc_custom_1456309182177{background-image: url(https:\/\/5lo.lublin.pl\/wp-content\/uploads\/2016\/02\/vlo_team_jasny-1.jpg?id=2586) !important;}&#8221;][vc_column][vc_column_text]W\u0142a\u015bciciel serwisu <strong>V liceum Og\u00f3lnokszta\u0142c\u0105ce im. Marii Sk\u0142odowskiej-Curie<\/strong> stara si\u0119 korzysta\u0107 z najlepszych praktyk i traktowa\u0107 wszystkich U\u017cytkownik\u00f3w w spos\u00f3b uczciwy i otwarty. Korzystaj\u0105c z serwisu wyra\u017casz zgod\u0119 na wykorzystanie przez nas plik\u00f3w cookies, w celu zapewnienia Tobie wygody podczas przegl\u0105dania stron serwisu. \u017badne pliki cookie wykorzystywane w naszych witrynach internetowych nie gromadz\u0105 informacji umo\u017cliwiaj\u0105cych ustalenie to\u017csamo\u015bci u\u017cytkownika.<span class=\"Apple-converted-space\">\u00a0<\/span><\/p>\n<p>Wykorzystujemy us\u0142ug\u0119 Google Analytics, kt\u00f3ra legitymuje si\u0119 w\u0142asn\u0105 polityk\u0105 prywatno\u015bci:<br \/>\n<a href=\"http:\/\/www.google.com\/intl\/pl_pl\/policies\/privacy\" target=\"_blank\">Polityka ochrony prywatno\u015bci Google Analytics<\/a><span class=\"Apple-converted-space\">\u00a0<\/span><\/p>\n<h4>Czym<span class=\"Apple-converted-space\">\u00a0<\/span>jest plik cookie?<\/h4>\n<p>W dzisiejszym \u015bwiecie praktycznie ka\u017cda witryna internetowa wykorzystuje pliki cookie, czyli ciasteczka. Sk\u0142adaj\u0105 si\u0119 na nie niewielkie pliki tekstowe przechowywane na urz\u0105dzeniu ko\u0144cowym U\u017cytkownika. Tworzone s\u0105 przez Twoj\u0105 przegl\u0105dark\u0119 internetow\u0105 i przechowuj\u0105 ustawienia i informacje potrzebne (a cz\u0119sto niezb\u0119dne) do prawid\u0142owego dzia\u0142ania serwisu internetowego. Przy kolejnych odwiedzinach serwisu z tego samego urz\u0105dzenia przegl\u0105darka mo\u017ce sprawdzi\u0107, czy istniej\u0105 pliki cookies przechowuj\u0105ce wa\u017cne informacj\u0119 i przes\u0142a\u0107 je ponownie do odwiedzanej witryny, kt\u00f3ra wcze\u015bniej zapisa\u0142a ciasteczko w Twoim urz\u0105dzeniu. Witryna w ten spos\u00f3b mo\u017ce rozpozna\u0107, \u017ce u\u017cytkownik odwiedzi\u0142 j\u0105 wcze\u015bniej i np. dopasowa\u0107 prezentowan\u0105 tre\u015b\u0107 do odbiorcy.<span class=\"Apple-converted-space\">\u00a0<\/span><\/p>\n<h4>Zalety<span class=\"Apple-converted-space\">\u00a0<\/span>plik\u00f3w cookie<\/h4>\n<p>Pliki cookie u\u0142atwiaj\u0105 u\u017cytkownikowi korzystanie z wcze\u015bniej odwiedzanych przez niego stron internetowych. Je\u015bli u\u017cytkownik korzysta z tego samego urz\u0105dzenia i przegl\u0105darki co wcze\u015bniej, umo\u017cliwia to zapami\u0119tanie jego preferencji i pozwala odpowiednio wy\u015bwietli\u0107 stron\u0119 internetow\u0105, dostosowan\u0105 do jego indywidualnych potrzeb. Pliki cookies pozwalaj\u0105 tworzy\u0107 statystyki, kt\u00f3re pomagaj\u0105 zrozumie\u0107, w jaki spos\u00f3b U\u017cytkownicy korzystaj\u0105 ze strony internetowej, to pozwala na ulepszanie jej struktury i zawarto\u015bci. Pozwalaj\u0105 r\u00f3wnie\u017c na utrzymanie sesji U\u017cytkownika Serwisu (po zalogowaniu), dzi\u0119ki temu ka\u017cda kolejna podstrona serwisu nie wymaga ponownego logowania.<span class=\"Apple-converted-space\">\u00a0<\/span><\/p>\n<h4>Kontrolowanie<span class=\"Apple-converted-space\">\u00a0<\/span>i usuwanie plik\u00f3w cookie<\/h4>\n<p>U\u017cytkownik w dowolnym momencie mo\u017ce zmienia\u0107 spos\u00f3b korzystania z plik\u00f3w cookies. Wi\u0119kszo\u015b\u0107 przegl\u0105darek oferuje mo\u017cliwo\u015b\u0107 akceptowania lub odrzucania wszystkich plik\u00f3w cookie, akceptowania tylko niekt\u00f3rych rodzaj\u00f3w albo informowania u\u017cytkownika za ka\u017cdym razem, gdy strona internetowa pr\u00f3buje je zapisa\u0107. U\u017cytkownik mo\u017ce r\u00f3wnie\u017c z \u0142atwo\u015bci\u0105 usuwa\u0107 pliki cookie, kt\u00f3re zosta\u0142y ju\u017c zapisane na urz\u0105dzeniu przez przegl\u0105dark\u0119. Mo\u017cliwo\u015bci zarz\u0105dzania i usuwania plik\u00f3w cookie r\u00f3\u017cni\u0105 si\u0119 w zale\u017cno\u015bci od u\u017cywanej przegl\u0105darki. Wszystkie niezb\u0119dne informacje U\u017cytkownik mo\u017ce znale\u017a\u0107 wykorzystuj\u0105c funkcj\u0119 Pomoc w swojej przegl\u0105darce lub odwiedzaj\u0105c stron\u0119 internetow\u0105 <a href=\"http:\/\/www.aboutcookies.org\" target=\"_blank\">www.aboutcookies.org<\/a>, na kt\u00f3rej wyja\u015bniono, jak kontrolowa\u0107 i usuwa\u0107 pliki cookie w najpopularniejszych przegl\u0105darkach. Pami\u0119taj, \u017ce zablokowanie wszystkich ciasteczek mo\u017ce spowodowa\u0107 trudno\u015bci w dzia\u0142aniu lub zupe\u0142nie uniemo\u017cliwi\u0107 korzystanie z niekt\u00f3rych funkcjonalno\u015bci strony.<span class=\"Apple-converted-space\">\u00a0<\/span><\/p>\n<h4>Jakie<span class=\"Apple-converted-space\">\u00a0<\/span>pliki cookies wykorzystuje witryna?<\/h4>\n<p>Serwis wykorzystuje pliki cookies, kt\u00f3re mo\u017cna podzieli\u0107 w nast\u0119puj\u0105cy spos\u00f3b:<\/p>\n<ul>\n<li><strong>\u201eniezb\u0119dne\u201d<\/strong><span class=\"Apple-converted-space\">\u00a0<\/span>&#8211; czyli umo\u017cliwiaj\u0105ce korzystanie z us\u0142ug dost\u0119pnych w ramach Serwisu, np. podtrzymuj\u0105ce sesj\u0119 po zalogowaniu u\u017cytkownika<\/li>\n<li><strong>\u201efunkcjonalne\u201d<\/strong><span class=\"Apple-converted-space\">\u00a0<\/span>&#8211; pliki umo\u017cliwiaj\u0105ce \u201ezapami\u0119tanie\u201d wybranych ustawie\u0144 i wp\u0142ywaj\u0105ce na personalizacj\u0119 interfejsu<\/li>\n<li><strong>\u201ezabezpieczaj\u0105ce\u201d<\/strong><span class=\"Apple-converted-space\">\u00a0<\/span>\u2013 wspomagaj\u0105ce zapewnienie bezpiecze\u0144stwa<\/li>\n<li><strong>\u201ewydajno\u015bciowe\u201d<\/strong><span class=\"Apple-converted-space\">\u00a0<\/span>&#8211; pliki umo\u017cliwiaj\u0105ce zbieranie informacji o sposobie korzystania z Serwisu<\/li>\n<\/ul>\n<h4>Jak<span class=\"Apple-converted-space\">\u00a0<\/span>zmieni\u0107 ustawienia dotycz\u0105ce plik\u00f3w cookies w mojej przegl\u0105darce?<\/h4>\n<p>Informacje dotycz\u0105ce zmiany ustawie\u0144 plik\u00f3w cookies w poszczeg\u00f3lnych przegl\u0105darkach dost\u0119pne s\u0105 na poni\u017cszych stronach:<\/p>\n<p>Ustawienia plik\u00f3w cookies<span class=\"Apple-converted-space\">\u00a0<\/span><a href=\"http:\/\/support.microsoft.com\/kb\/196955\" target=\"_blank\">Internet Explorer<\/a><br \/>\nUstawienia plik\u00f3w cookies<span class=\"Apple-converted-space\">\u00a0<\/span><a href=\"http:\/\/support.google.com\/chrome\/bin\/answer.py?hl=pl&amp;answer=95647\" target=\"_blank\">Chrome<\/a><br \/>\nUstawienia plik\u00f3w cookies<span class=\"Apple-converted-space\">\u00a0<\/span><a href=\"http:\/\/support.mozilla.org\/pl\/kb\/W%C5%82%C4%85czanie%20i%20wy%C5%82%C4%85czanie%20obs%C5%82ugi%20ciasteczek\" target=\"_blank\">Firefox<\/a><br \/>\nUstawienia plik\u00f3w cookies<span class=\"Apple-converted-space\">\u00a0<\/span><a href=\"http:\/\/help.opera.com\/Windows\/12.10\/pl\/cookies.html\" target=\"_blank\">Opera<\/a><br \/>\nUstawienia plik\u00f3w cookies<span class=\"Apple-converted-space\">\u00a0<\/span><a href=\"http:\/\/support.apple.com\/kb\/PH5042\" target=\"_blank\">Safari<\/a><\/p>\n<p>Informacje dla urz\u0105dze\u0144 mobilnych dost\u0119pne s\u0105 na poni\u017cszych stronach:<\/p>\n<p>Pliki cookies w<span class=\"Apple-converted-space\">\u00a0<\/span><a href=\"http:\/\/support.google.com\/chrome\/bin\/answer.py?hl=pl&amp;answer=95647\" target=\"_blank\">Android<\/a><br \/>\nPliki cookies w<span class=\"Apple-converted-space\">\u00a0<\/span><a href=\"http:\/\/help.blackberry.com\/en\/category\/devices\/?userType=1\" target=\"_blank\">Blackberry<\/a><br \/>\nPliki cookies w<span class=\"Apple-converted-space\">\u00a0<\/span><a href=\"http:\/\/support.apple.com\/kb\/HT1677?viewlocale=pl_PL\" target=\"_blank\">iOS (Safari)<\/a><br \/>\nPliki cookies w<span class=\"Apple-converted-space\">\u00a0<\/span><a href=\"http:\/\/www.windowsphone.com\/pl-pl\/how-to\/wp7\/web\/changing-privacy-and-other-browser-settings\" target=\"_blank\">Windows Phone<\/a>[\/vc_column_text][\/vc_column][\/vc_row][vc_row][vc_column][vc_column_text]<br \/>\n[\/vc_column_text][\/vc_column][\/vc_row]<\/p>\n<p>[vc_row full_width=&#8221;stretch_row&#8221; css=&#8221;.vc_custom_1456139889223{background-color: #215e21 !important;}&#8221;][vc_column width=&#8221;1\/6&#8243;][vc_single_image image=&#8221;2634&#8243; alignment=&#8221;center&#8221; el_class=&#8221;no-margin&#8221; css=&#8221;.vc_custom_1454969263860{padding-right: 22px !important;padding-left: 22px !important;}&#8221;][\/vc_column][vc_column width=&#8221;1\/6&#8243;][vc_single_image image=&#8221;2638&#8243; alignment=&#8221;center&#8221; el_class=&#8221;no-margin&#8221; css=&#8221;.vc_custom_1454969248710{padding-right: 22px !important;padding-left: 22px !important;}&#8221;][\/vc_column][vc_column width=&#8221;1\/6&#8243;][vc_single_image image=&#8221;2642&#8243; alignment=&#8221;center&#8221; el_class=&#8221;no-margin&#8221; css=&#8221;.vc_custom_1454970184925{padding-right: 22px !important;padding-left: 22px !important;}&#8221;][\/vc_column][vc_column width=&#8221;1\/6&#8243;][vc_single_image image=&#8221;2644&#8243; alignment=&#8221;center&#8221; el_class=&#8221;no-margin&#8221; css=&#8221;.vc_custom_1454970384286{padding-right: 22px !important;padding-left: 22px !important;}&#8221;][\/vc_column][vc_column width=&#8221;1\/6&#8243;][vc_single_image image=&#8221;2647&#8243; alignment=&#8221;center&#8221; el_class=&#8221;no-margin&#8221; css=&#8221;.vc_custom_1454970543749{padding-right: 22px !important;padding-left: 22px !important;}&#8221;][\/vc_column][vc_column width=&#8221;1\/6&#8243;][vc_single_image image=&#8221;2649&#8243; alignment=&#8221;center&#8221; el_class=&#8221;no-margin&#8221; css=&#8221;.vc_custom_1454970663168{padding-right: 22px !important;padding-left: 22px !important;}&#8221;][\/vc_column][\/vc_row]<\/p>\n<p>[vc_row full_width=&#8221;stretch_row&#8221; css=&#8221;.vc_custom_1455389325991{padding-top: 44px !important;padding-bottom: 88px !important;background-color: #4682b4 !important;}&#8221;][vc_column width=&#8221;1\/4&#8243;][vc_custom_heading text=&#8221;Kontakt&#8221; font_container=&#8221;tag:h5|text_align:left|color:%23ff0000&#8243; google_fonts=&#8221;font_family:Ubuntu%3A300%2C300italic%2Cregular%2Citalic%2C500%2C500italic%2C700%2C700italic|font_style:400%20regular%3A400%3Anormal&#8221; css=&#8221;.vc_custom_1455389688087{margin-bottom: 22px !important;}&#8221;][vc_column_text]<b class=\"text-beta\">V LICEUM OG\u00d3LNOKSZTA\u0141C\u0104CE<br \/>\nim. MARII SK\u0141ODOWSKIEJ-CURIE<br \/>\nul. Lipowa 7, 20-020 LUBLIN<\/b><\/p>\n<ul class=\"clean-list font-20 text-beta\">\n<li><i class=\"icon-350 text-grey\"><\/i> +48 81 4664340<\/li>\n<li><i class=\"icon-350 text-grey\"><\/i> +48 81 4664341<\/li>\n<li><i class=\"icon-351 text-grey\"><\/i> +48 81 5321927<\/li>\n<li><i class=\"icon-166 text-grey\"><\/i> sekretariat@5lo.lublin.pl<\/li>\n<\/ul>\n<p>Chcesz zasi\u0119gn\u0105\u0107 informacji?<br \/>\n&#8211; odwied\u017a nas (godziny pracy sekretariatu 8:00-15:00).[\/vc_column_text][\/vc_column][vc_column width=&#8221;1\/4&#8243;][vc_custom_heading text=&#8221;Przydatne adresy&#8221; font_container=&#8221;tag:h5|text_align:left|color:%23ff0000&#8243; google_fonts=&#8221;font_family:Ubuntu%3A300%2C300italic%2Cregular%2Citalic%2C500%2C500italic%2C700%2C700italic|font_style:400%20regular%3A400%3Anormal&#8221; css=&#8221;.vc_custom_1455389865676{margin-bottom: 22px !important;}&#8221;]\n\n \n\t<ul class=\"clean-list fancy-list \">\n\t\t<li><a href=\"https:\/\/men.gov.pl\">Ministerstwo Edukacji Narodowej<\/a><i class=\"icon-100 font--2x bg-beta text-white\"><\/i><\/li><li><a href=\"http:\/\/www.cke.edu.pl\">Centralna Komisja Egzaminacyjna<\/a><i class=\"icon-100 font--2x bg-beta text-white\"><\/i><\/li><li><a href=\"http:\/\/www.oke.krakow.pl\">Okr\u0119gowa Komisja Egzaminacyjna w Krakowie<\/a><i class=\"icon-100 font--2x bg-beta text-white\"><\/i><\/li><li><a href=\"http:\/\/lublin.eu\/urzad-miasta-lublin\/\">Urz\u0105d Miasta Lublin<\/a><i class=\"icon-100 font--2x bg-beta text-white\"><\/i><\/li>\t<\/ul>\n\n[\/vc_column][vc_column width=&#8221;1\/4&#8243;][vc_custom_heading text=&#8221;Administracja&#8221; font_container=&#8221;tag:h5|text_align:left|color:%23ff0000&#8243; google_fonts=&#8221;font_family:Ubuntu%3A300%2C300italic%2Cregular%2Citalic%2C500%2C500italic%2C700%2C700italic|font_style:400%20regular%3A400%3Anormal&#8221;][vc_column_text]Nie posiadasz jeszcze konta &#8211; zarejestruj si\u0119<br \/>\nMasz ju\u017c konto \u2013 zaloguj si\u0119<br \/>\n[\/vc_column_text]\n\n \n\t<ul class=\"clean-list fancy-list \">\n\t\t<li><a href=\"https:\/\/5lo.lublin.pl\/wp-login.php?action=register\">Zarejestruj si\u0119<\/a><i class=\"fa fa-hand-o-right text-beta\"><\/i><\/li><li><a href=\"https:\/\/5lo.lublin.pl\/wp-login.php\">Zaloguj si\u0119<\/a><i class=\"fa fa-hand-o-right text-beta\"><\/i><\/li>\t<\/ul>\n\n[\/vc_column][vc_column width=&#8221;1\/4&#8243;][vc_custom_heading text=&#8221;Polecamy&#8221; font_container=&#8221;tag:h5|text_align:left|color:%23ff0000&#8243; google_fonts=&#8221;font_family:Ubuntu%3A300%2C300italic%2Cregular%2Citalic%2C500%2C500italic%2C700%2C700italic|font_style:400%20regular%3A400%3Anormal&#8221; css=&#8221;.vc_custom_1455399845793{margin-bottom: 33px !important;}&#8221;][vc_row_inner][vc_column_inner width=&#8221;1\/3&#8243;][vc_single_image image=&#8221;2805&#8243; onclick=&#8221;custom_link&#8221; img_link_target=&#8221;_blank&#8221; css_animation=&#8221;appear&#8221; link=&#8221;https:\/\/5lo.lublin.pl\/index.php?id=s.o.s.&#8221;][\/vc_column_inner][vc_column_inner width=&#8221;1\/3&#8243;][vc_single_image image=&#8221;2796&#8243; onclick=&#8221;custom_link&#8221; img_link_target=&#8221;_blank&#8221; css_animation=&#8221;appear&#8221; link=&#8221;http:\/\/www.samorzad.5lo.lublin.pl&#8221;][\/vc_column_inner][vc_column_inner width=&#8221;1\/3&#8243;][vc_single_image image=&#8221;2798&#8243; onclick=&#8221;custom_link&#8221; img_link_target=&#8221;_blank&#8221; css_animation=&#8221;appear&#8221; link=&#8221;https:\/\/5lo.lublin.pl\/index.php?id=gazetka&#8221;][\/vc_column_inner][\/vc_row_inner][vc_row_inner][vc_column_inner width=&#8221;1\/3&#8243;][vc_single_image image=&#8221;2809&#8243; onclick=&#8221;custom_link&#8221; img_link_target=&#8221;_blank&#8221; css_animation=&#8221;appear&#8221; link=&#8221;http:\/\/www.pretekst.5lo.lublin.pl&#8221;][\/vc_column_inner][vc_column_inner width=&#8221;1\/3&#8243;][vc_single_image image=&#8221;2642&#8243; onclick=&#8221;custom_link&#8221; img_link_target=&#8221;_blank&#8221; css_animation=&#8221;appear&#8221; link=&#8221;http:\/\/www.teatrikon.pl\/animacja\/stacjekultury&#8221;][\/vc_column_inner][vc_column_inner width=&#8221;1\/3&#8243;][vc_single_image image=&#8221;2794&#8243; onclick=&#8221;custom_link&#8221; img_link_target=&#8221;_blank&#8221; css_animation=&#8221;appear&#8221; link=&#8221;http:\/\/bip.lublin.eu\/bip\/lo5\/index.php?t=200&amp;id=3765&#8243;][\/vc_column_inner][\/vc_row_inner][\/vc_column][\/vc_row]<\/p>\n<\/div>","protected":false},"excerpt":{"rendered":"<p>[vc_row full_width=&#8221;stretch_row&#8221; css=&#8221;.vc_custom_1456309182177{background-image: url(https:\/\/5lo.lublin.pl\/wp-content\/uploads\/2016\/02\/vlo_team_jasny-1.jpg?id=2586) !important;}&#8221;][vc_column][vc_column_text]W\u0142a\u015bciciel serwisu V liceum Og\u00f3lnokszta\u0142c\u0105ce im. Marii Sk\u0142odowskiej-Curie stara si\u0119 korzysta\u0107 z najlepszych praktyk i traktowa\u0107 wszystkich U\u017cytkownik\u00f3w w spos\u00f3b uczciwy i otwarty. Korzystaj\u0105c z serwisu wyra\u017casz zgod\u0119 na wykorzystanie przez nas plik\u00f3w cookies, w celu zapewnienia Tobie wygody podczas przegl\u0105dania stron serwisu. \u017badne pliki cookie wykorzystywane w naszych witrynach internetowych [&hellip;]<\/p>\n","protected":false},"author":1,"featured_media":2866,"parent":0,"menu_order":0,"comment_status":"closed","ping_status":"closed","template":"","meta":{"footnotes":""},"_links":{"self":[{"href":"https:\/\/5lo.lublin.pl\/index.php?rest_route=\/wp\/v2\/pages\/2864"}],"collection":[{"href":"https:\/\/5lo.lublin.pl\/index.php?rest_route=\/wp\/v2\/pages"}],"about":[{"href":"https:\/\/5lo.lublin.pl\/index.php?rest_route=\/wp\/v2\/types\/page"}],"author":[{"embeddable":true,"href":"https:\/\/5lo.lublin.pl\/index.php?rest_route=\/wp\/v2\/users\/1"}],"replies":[{"embeddable":true,"href":"https:\/\/5lo.lublin.pl\/index.php?rest_route=%2Fwp%2Fv2%2Fcomments&post=2864"}],"version-history":[{"count":13,"href":"https:\/\/5lo.lublin.pl\/index.php?rest_route=\/wp\/v2\/pages\/2864\/revisions"}],"predecessor-version":[{"id":2922,"href":"https:\/\/5lo.lublin.pl\/index.php?rest_route=\/wp\/v2\/pages\/2864\/revisions\/2922"}],"wp:featuredmedia":[{"embeddable":true,"href":"https:\/\/5lo.lublin.pl\/index.php?rest_route=\/wp\/v2\/media\/2866"}],"wp:attachment":[{"href":"https:\/\/5lo.lublin.pl\/index.php?rest_route=%2Fwp%2Fv2%2Fmedia&parent=2864"}],"curies":[{"name":"wp","href":"https:\/\/api.w.org\/{rel}","templated":true}]}}