{"id":18892,"date":"2021-11-02T18:14:43","date_gmt":"2021-11-02T18:14:43","guid":{"rendered":"http:\/\/5lo.lublin.pl\/?page_id=18892"},"modified":"2021-11-02T18:14:43","modified_gmt":"2021-11-02T18:14:43","slug":"aktywna-tablica","status":"publish","type":"page","link":"https:\/\/5lo.lublin.pl\/?page_id=18892","title":{"rendered":"Aktywna Tablica"},"content":{"rendered":"<div class=\"wpb-content-wrapper\"><p>[vc_row][vc_column][vc_column_text][\/vc_column_text][\/vc_column][\/vc_row][vc_row][vc_column][vc_empty_space height=&#8221;96px&#8221;][\/vc_column][\/vc_row][vc_row][vc_column][\/vc_column][\/vc_row][vc_row][vc_column width=&#8221;1\/4&#8243;][\/vc_column][vc_column width=&#8221;1\/2&#8243;][vc_single_image image=&#8221;18885&#8243; img_size=&#8221;full&#8221; alignment=&#8221;center&#8221;][\/vc_column][vc_column width=&#8221;1\/4&#8243;][\/vc_column][\/vc_row][vc_row][vc_column width=&#8221;1\/6&#8243;][\/vc_column][vc_column width=&#8221;2\/3&#8243;][vc_column_text]<\/p>\n<h4 style=\"text-align: center;\"><strong>Rz\u0105dowy program rozwijania szkolnej infrastruktury oraz kompetencji uczni\u00f3w i\u00a0nauczycieli w zakresie technologii informacyjno-komunikacyjnych<br \/>\nna lata 2020\u20132024 \u201eAktywna tablica\u201d<\/strong><\/h4>\n<h5>V Liceum Og\u00f3lnokszta\u0142c\u0105ce im. Marii Sk\u0142odowskiej-Curie w Lublinie otrzyma\u0142o wsparcie w ramach Projektu \u201eAktywna Tablica\u201d w kwocie 17\u00a0500 z\u0142otych z czego wnioskowana kwota wsparcia to 14000 z\u0142otych oraz wk\u0142ad w\u0142asny to 3500 z\u0142otych. W ramach otrzymanej kwoty\u00a0 zostan\u0105 zakupione laptopy.<\/h5>\n<h6>G\u0142\u00f3wnym celem Programu jest:<\/h6>\n<ul>\n<li>\n<h6>umo\u017cliwienie wykorzystywania w procesie dydaktycznym sprz\u0119tu, nowoczesnych pomocy dydaktycznych, wybranych przez zgodnie z ich zdefiniowanymi potrzebami,<\/h6>\n<\/li>\n<li>\n<h6>podniesienie kompetencji uczni\u00f3w i nauczycieli przez zmian\u0119 sposobu my\u015blenia o mo\u017cliwo\u015bciach wykorzystania nowych technologii,<\/h6>\n<\/li>\n<li>\n<h6>popraw\u0119 efekt\u00f3w pracy z uczniem o specjalnych potrzebach edukacyjnych.<\/h6>\n<\/li>\n<li>\n<h6>trwa\u0142a zmiana \u015bwiadomo\u015bci i zachowania nauczycieli zwi\u0105zanych z wykorzystaniem TIK w procesie kszta\u0142cenia.<\/h6>\n<\/li>\n<\/ul>\n<h6>Cel g\u0142\u00f3wny Programu b\u0119dzie realizowany przez cele szczeg\u00f3\u0142owe:<\/h6>\n<ul>\n<li>\n<h6>rozwijanie kompetencji cyfrowych uczni\u00f3w i nauczycieli, w szczeg\u00f3lno\u015bci w zakresie pos\u0142ugiwania si\u0119 TIK w procesie kszta\u0142cenia lub uczenia si\u0119;<\/h6>\n<\/li>\n<li>\n<h6>kszta\u0142towanie kompetencji spo\u0142ecznych i tw\u00f3rczych uczni\u00f3w, w tym umiej\u0119tno\u015bci pracy zespo\u0142owej;<\/h6>\n<\/li>\n<li>\n<h6>rozw\u00f3j postaw kreatywno\u015bci, przedsi\u0119biorczo\u015bci uczni\u00f3w i nauczycieli;<\/h6>\n<\/li>\n<li>\n<h6>wspieranie innowacyjnych metod pracy;<\/h6>\n<\/li>\n<li>\n<h6>wykorzystanie w praktyce szkolnej zastosowa\u0144 w r\u00f3\u017cnych konfiguracjach pomocy dydaktycznych do realizacji program\u00f3w nauczania z wykorzystaniem TIK;<\/h6>\n<\/li>\n<li>\n<h6>wspieranie procesu kszta\u0142cenia uczni\u00f3w ze specjalnymi potrzebami;<\/h6>\n<\/li>\n<li>\n<h6>wspieranie uczni\u00f3w i nauczycieli w procesie kszta\u0142cenia z wykorzystaniem metod i technik kszta\u0142cenia na odleg\u0142o\u015b\u0107.<\/h6>\n<\/li>\n<\/ul>\n<p>[\/vc_column_text][\/vc_column][vc_column width=&#8221;1\/6&#8243;][\/vc_column][\/vc_row][vc_row][vc_column][vc_empty_space height=&#8221;96px&#8221;][\/vc_column][\/vc_row]<\/p>\n<\/div>","protected":false},"excerpt":{"rendered":"<p>[vc_row][vc_column][vc_column_text][\/vc_column_text][\/vc_column][\/vc_row][vc_row][vc_column][vc_empty_space height=&#8221;96px&#8221;][\/vc_column][\/vc_row][vc_row][vc_column][\/vc_column][\/vc_row][vc_row][vc_column width=&#8221;1\/4&#8243;][\/vc_column][vc_column width=&#8221;1\/2&#8243;][vc_single_image image=&#8221;18885&#8243; img_size=&#8221;full&#8221; alignment=&#8221;center&#8221;][\/vc_column][vc_column width=&#8221;1\/4&#8243;][\/vc_column][\/vc_row][vc_row][vc_column width=&#8221;1\/6&#8243;][\/vc_column][vc_column width=&#8221;2\/3&#8243;][vc_column_text] Rz\u0105dowy program rozwijania szkolnej infrastruktury oraz kompetencji uczni\u00f3w i\u00a0nauczycieli w zakresie technologii informacyjno-komunikacyjnych na lata 2020\u20132024 \u201eAktywna tablica\u201d V Liceum Og\u00f3lnokszta\u0142c\u0105ce im. Marii Sk\u0142odowskiej-Curie w Lublinie otrzyma\u0142o wsparcie w ramach Projektu \u201eAktywna Tablica\u201d w kwocie 17\u00a0500 z\u0142otych z czego wnioskowana kwota wsparcia to 14000 z\u0142otych [&hellip;]<\/p>\n","protected":false},"author":665,"featured_media":0,"parent":0,"menu_order":0,"comment_status":"closed","ping_status":"closed","template":"","meta":{"footnotes":""},"_links":{"self":[{"href":"https:\/\/5lo.lublin.pl\/index.php?rest_route=\/wp\/v2\/pages\/18892"}],"collection":[{"href":"https:\/\/5lo.lublin.pl\/index.php?rest_route=\/wp\/v2\/pages"}],"about":[{"href":"https:\/\/5lo.lublin.pl\/index.php?rest_route=\/wp\/v2\/types\/page"}],"author":[{"embeddable":true,"href":"https:\/\/5lo.lublin.pl\/index.php?rest_route=\/wp\/v2\/users\/665"}],"replies":[{"embeddable":true,"href":"https:\/\/5lo.lublin.pl\/index.php?rest_route=%2Fwp%2Fv2%2Fcomments&post=18892"}],"version-history":[{"count":1,"href":"https:\/\/5lo.lublin.pl\/index.php?rest_route=\/wp\/v2\/pages\/18892\/revisions"}],"predecessor-version":[{"id":18895,"href":"https:\/\/5lo.lublin.pl\/index.php?rest_route=\/wp\/v2\/pages\/18892\/revisions\/18895"}],"wp:attachment":[{"href":"https:\/\/5lo.lublin.pl\/index.php?rest_route=%2Fwp%2Fv2%2Fmedia&parent=18892"}],"curies":[{"name":"wp","href":"https:\/\/api.w.org\/{rel}","templated":true}]}}